{"id":162,"date":"2021-02-15T09:48:07","date_gmt":"2021-02-15T07:48:07","guid":{"rendered":"http:\/\/localhost\/savikunto\/?page_id=162"},"modified":"2025-03-24T15:04:30","modified_gmt":"2025-03-24T13:04:30","slug":"hinnasto","status":"publish","type":"page","link":"https:\/\/savikunto.fi\/fysioterapia-ja-hoidot\/hinnasto\/","title":{"rendered":"Hinnasto"},"content":{"rendered":"\n<h2 class=\"wp-block-heading\">Hoitohinnasto <\/h2>\n\n\n\n<h2 class=\"wp-block-heading\">Voimassa 1.11.24 alkaen <\/h2>\n\n\n\n<p>Etuseteleille (e-passi, smartum, edenred) k\u00e4sittelykuluista johtuva laskutusmaksu suuruudeltaan 1.50 eur \/tapahtuma.<\/p>\n\n\n\n<h3 class=\"wp-block-heading\">Fysioterapia ja hieronta toimipisteiss\u00e4mme<\/h3>\n\n\n\n<figure class=\"wp-block-table is-style-stripes\"><table class=\"has-fixed-layout\"><tbody><tr><td>Alkututkimus, lausunto ja kirjaus Kantaan<\/td><td>6.00\u20ac <\/td><\/tr><tr><td>Laajemmat tutkimukset ja lausunnot aikaperusteisesti<\/td><td><\/td><\/tr><tr><td>Kirjalliset ohjeet<\/td><td>20.00\u20ac<\/td><\/tr><tr><td>20min<\/td><td>36.00\u20ac<\/td><\/tr><tr><td>30min<\/td><td>44.00\u20ac<\/td><\/tr><tr><td>45min<\/td><td>56.00\u20ac<\/td><\/tr><tr><td>60min<\/td><td>66.00\u20ac<\/td><\/tr><tr><td>75min<\/td><td>82.00\u20ac<\/td><\/tr><tr><td>90min<\/td><td>98.00\u20ac<br><\/td><\/tr><\/tbody><\/table><\/figure>\n\n\n\n<h3 class=\"wp-block-heading\">Kivun hoidot<\/h3>\n\n\n\n<figure class=\"wp-block-table is-style-stripes\"><table class=\"has-fixed-layout\"><tbody><tr><td>CRYO tehokylm\u00e4hoito muun hoidon yhteydess\u00e4 <\/td><td><\/td><td>4\u20ac<\/td><\/tr><tr><td>CRYO tehokylm\u00e4hoito 1-2 hoitokohdetta<\/td><td><\/td><td>28.00\u20ac<\/td><\/tr><tr><td>3 kerran sarjalippu <\/td><td><\/td><td>75.00\u20ac<\/td><\/tr><tr><td>CRYO tehokylm\u00e4hoito 3 tai useampi hoitokohde <\/td><td><\/td><td>36.00\u20ac<\/td><\/tr><tr><td>3 kerran sarjalippu<\/td><td><\/td><td>90.00\u20ac<\/td><\/tr><tr><td>S\u00e4hk\u00f6hoidot<\/td><td><\/td><td>36.00\u20ac<\/td><\/tr><tr><td>Akupunktio<\/td><td><\/td><td>60.00\u20ac<\/td><\/tr><\/tbody><\/table><\/figure>\n\n\n\n<h3 class=\"wp-block-heading\">Manuaalinen terapia\/nivel- ja nikama k\u00e4sittely\/manipulaatio<\/h3>\n\n\n\n<figure class=\"wp-block-table is-style-stripes\"><table class=\"has-fixed-layout\"><tbody><tr><td>30min<\/td><td>47.00\u20ac<\/td><\/tr><tr><td>45min<\/td><td>63.00\u20ac<\/td><\/tr><tr><td>60min<\/td><td>70.00\u20ac<\/td><\/tr><\/tbody><\/table><\/figure>\n\n\n\n<h3 class=\"wp-block-heading\">Lymfaterapia<\/h3>\n\n\n\n<figure class=\"wp-block-table is-style-stripes\"><table class=\"has-fixed-layout\"><tbody><tr><td>20min<\/td><td>38.00\u20ac<\/td><\/tr><tr><td>30min<\/td><td>44.00\u20ac<\/td><\/tr><tr><td>45min<\/td><td>60.00\u20ac<\/td><\/tr><tr><td>60min<\/td><td>70.00\u20ac<\/td><\/tr><\/tbody><\/table><\/figure>\n\n\n\n\n\n<figure class=\"wp-block-table is-style-stripes\"><table class=\"has-fixed-layout\"><tbody><tr><td>Alaraajatutkimus<\/td><td>72.00\u20ac ( sis\u00e4lt\u00e4\u00e4 muotti- ja postituskulut)<\/td><\/tr><tr><td>Tukipohjalliset, yksi pari<\/td><td>197.20\u20ac<\/td><\/tr><tr><td>Tukipohjalliset,<br>toinen pari + (postitus)<\/td><td>90.50\u20ac<br><\/td><\/tr><tr><td><br>Peruuttamaton aikavaraus<br>Peruutus on teht\u00e4v\u00e4 viimeist\u00e4\u00e4n edellisen\u00e4 p\u00e4iv\u00e4n\u00e4 klo 16 menness\u00e4<br>                                         <\/td><td>Laskutamme peruuttamattoman aikavarauksen<br><br><\/td><\/tr><\/tbody><\/table><\/figure>\n\n\n\n<p><strong>Maksusitoumus -ja sopimusasiakashinnat p. 040 801 4040<\/strong><\/p>\n\n\n\n<p>Kotik\u00e4yntien hintoihin vaikuttavat matka-ajat ja matkojen pituudet. <\/p>\n\n\n\n<p><\/p>\n\n\n\n<h3 class=\"wp-block-heading\"><strong>Hemmotteluhoidot<\/strong><\/h3>\n\n\n\n<figure class=\"wp-block-table is-style-stripes\"><table class=\"has-fixed-layout\"><tbody><tr><td>Intialainen p\u00e4\u00e4nhieronta<\/td><td>60.00\u20ac<\/td><\/tr><tr><td>Kuumakivihieronta<\/td><td>70.00\u20ac<\/td><\/tr><tr><td>Yhdistelm\u00e4hoito kesto 90 min<\/td><td>99.00\u20ac<\/td><\/tr><\/tbody><\/table><\/figure>\n\n\n\n<p><\/p>\n","protected":false},"excerpt":{"rendered":"<p>Hoitohinnasto Voimassa 1.11.24 alkaen Etuseteleille (e-passi, smartum, edenred) k\u00e4sittelykuluista johtuva laskutusmaksu suuruudeltaan 1.50 eur \/tapahtuma. Fysioterapia ja hieronta toimipisteiss\u00e4mme Alkututkimus, lausunto ja kirjaus Kantaan 6.00\u20ac Laajemmat tutkimukset ja lausunnot aikaperusteisesti Kirjalliset ohjeet 20.00\u20ac 20min 36.00\u20ac 30min 44.00\u20ac 45min 56.00\u20ac 60min 66.00\u20ac 75min 82.00\u20ac 90min 98.00\u20ac Kivun hoidot CRYO tehokylm\u00e4hoito muun hoidon yhteydess\u00e4 4\u20ac CRYO tehokylm\u00e4hoito [&hellip;]<\/p>\n","protected":false},"author":2,"featured_media":0,"parent":107,"menu_order":4,"comment_status":"closed","ping_status":"closed","template":"hinnasto-tpl.php","meta":{"_acf_changed":false,"inline_featured_image":false,"_monsterinsights_skip_tracking":false,"_monsterinsights_sitenote_active":false,"_monsterinsights_sitenote_note":"","_monsterinsights_sitenote_category":0,"footnotes":""},"class_list":["post-162","page","type-page","status-publish","hentry"],"acf":[],"_links":{"self":[{"href":"https:\/\/savikunto.fi\/wp-json\/wp\/v2\/pages\/162","targetHints":{"allow":["GET"]}}],"collection":[{"href":"https:\/\/savikunto.fi\/wp-json\/wp\/v2\/pages"}],"about":[{"href":"https:\/\/savikunto.fi\/wp-json\/wp\/v2\/types\/page"}],"author":[{"embeddable":true,"href":"https:\/\/savikunto.fi\/wp-json\/wp\/v2\/users\/2"}],"replies":[{"embeddable":true,"href":"https:\/\/savikunto.fi\/wp-json\/wp\/v2\/comments?post=162"}],"version-history":[{"count":98,"href":"https:\/\/savikunto.fi\/wp-json\/wp\/v2\/pages\/162\/revisions"}],"predecessor-version":[{"id":2484,"href":"https:\/\/savikunto.fi\/wp-json\/wp\/v2\/pages\/162\/revisions\/2484"}],"up":[{"embeddable":true,"href":"https:\/\/savikunto.fi\/wp-json\/wp\/v2\/pages\/107"}],"wp:attachment":[{"href":"https:\/\/savikunto.fi\/wp-json\/wp\/v2\/media?parent=162"}],"curies":[{"name":"wp","href":"https:\/\/api.w.org\/{rel}","templated":true}]}}