{"id":2458,"date":"2025-01-29T13:00:02","date_gmt":"2025-01-29T11:00:02","guid":{"rendered":"https:\/\/www2.savikunto.fi\/?page_id=2458"},"modified":"2025-01-29T13:01:07","modified_gmt":"2025-01-29T11:01:07","slug":"palvelut","status":"publish","type":"page","link":"https:\/\/savikunto.fi\/palvelut\/","title":{"rendered":"Palvelut"},"content":{"rendered":"\n<div class=\"wp-block-columns is-layout-flex wp-container-core-columns-is-layout-9d6595d7 wp-block-columns-is-layout-flex\">\n<div class=\"wp-block-column is-vertically-aligned-center is-layout-flow wp-block-column-is-layout-flow\">\n<figure class=\"wp-block-image size-large\"><img loading=\"lazy\" decoding=\"async\" width=\"1024\" height=\"683\" src=\"https:\/\/www2.savikunto.fi\/wp-content\/uploads\/2021\/08\/tilojen-vuokraus-1024x683.jpg\" alt=\"\" class=\"wp-image-1059\" srcset=\"https:\/\/savikunto.fi\/wp-content\/uploads\/2021\/08\/tilojen-vuokraus-1024x683.jpg 1024w, https:\/\/savikunto.fi\/wp-content\/uploads\/2021\/08\/tilojen-vuokraus-300x200.jpg 300w, https:\/\/savikunto.fi\/wp-content\/uploads\/2021\/08\/tilojen-vuokraus-768x512.jpg 768w, https:\/\/savikunto.fi\/wp-content\/uploads\/2021\/08\/tilojen-vuokraus-600x400.jpg 600w, https:\/\/savikunto.fi\/wp-content\/uploads\/2021\/08\/tilojen-vuokraus.jpg 1500w\" sizes=\"auto, (max-width: 1024px) 100vw, 1024px\" \/><\/figure>\n<\/div>\n\n\n\n<div class=\"wp-block-column is-vertically-aligned-center is-layout-flow wp-block-column-is-layout-flow\">\n<h2 class=\"wp-block-heading\">Liikuntatilojen ja auditorion varaus<\/h2>\n\n\n\n<ul class=\"wp-block-list\">\n<li>Liikunnalliset lastenjuhlat<\/li>\n\n\n\n<li>Kokoukset<\/li>\n\n\n\n<li>AV laitteisto elokuvia ja karaokea varten<\/li>\n\n\n\n<li>WLAN<\/li>\n\n\n\n<li>Auditorio ja liikuntatilat ovat varattavissa erikseen tai yhdess\u00e4<\/li>\n\n\n\n<li>Mahdollisuus my\u00f6s omaan tai tilattuun tarjoiluun<\/li>\n<\/ul>\n\n\n\n<p>Kokouksiin ja koulututilaisuuksiin varaukset\u00a0<br><strong>p. 040 801 4840<\/strong><\/p>\n<\/div>\n<\/div>\n\n\n\n<div class=\"wp-block-columns is-layout-flex wp-container-core-columns-is-layout-9d6595d7 wp-block-columns-is-layout-flex\">\n<div class=\"wp-block-column is-vertically-aligned-center is-layout-flow wp-block-column-is-layout-flow\">\n<figure class=\"wp-block-image size-large\"><img loading=\"lazy\" decoding=\"async\" width=\"1024\" height=\"683\" src=\"https:\/\/www2.savikunto.fi\/wp-content\/uploads\/2021\/08\/kuntosali-1024x683.jpg\" alt=\"\" class=\"wp-image-1037\" srcset=\"https:\/\/savikunto.fi\/wp-content\/uploads\/2021\/08\/kuntosali-1024x683.jpg 1024w, https:\/\/savikunto.fi\/wp-content\/uploads\/2021\/08\/kuntosali-300x200.jpg 300w, https:\/\/savikunto.fi\/wp-content\/uploads\/2021\/08\/kuntosali-768x512.jpg 768w, https:\/\/savikunto.fi\/wp-content\/uploads\/2021\/08\/kuntosali-600x400.jpg 600w, https:\/\/savikunto.fi\/wp-content\/uploads\/2021\/08\/kuntosali.jpg 1500w\" sizes=\"auto, (max-width: 1024px) 100vw, 1024px\" \/><\/figure>\n<\/div>\n\n\n\n<div class=\"wp-block-column is-vertically-aligned-center is-layout-flow wp-block-column-is-layout-flow\">\n<h2 class=\"wp-block-heading\">Yrityksille ty\u00f6fysioterapia ja TyHy<\/h2>\n\n\n\n<ul class=\"wp-block-list\">\n<li>Luennot<\/li>\n\n\n\n<li>Ergonominen neuvonta ja ohjaus my\u00f6s ty\u00f6paikoilla<\/li>\n\n\n\n<li>Helpot ja motivoivat testit<\/li>\n\n\n\n<li>Venyttely ja saliharjoittelu<\/li>\n\n\n\n<li>Rentoutus<\/li>\n<\/ul>\n\n\n\n<p><a href=\"https:\/\/www2.savikunto.fi\/?page_id=521\">Katso tilat<\/a><\/p>\n<\/div>\n<\/div>\n\n\n\n<div class=\"wp-block-columns is-layout-flex wp-container-core-columns-is-layout-9d6595d7 wp-block-columns-is-layout-flex\">\n<div class=\"wp-block-column is-vertically-aligned-center is-layout-flow wp-block-column-is-layout-flow\">\n<figure class=\"wp-block-image size-full\"><img loading=\"lazy\" decoding=\"async\" width=\"500\" height=\"500\" src=\"https:\/\/www2.savikunto.fi\/wp-content\/uploads\/2025\/01\/Pestis-logo-ilman-taustaa.png\" alt=\"\" class=\"wp-image-2445\" srcset=\"https:\/\/savikunto.fi\/wp-content\/uploads\/2025\/01\/Pestis-logo-ilman-taustaa.png 500w, https:\/\/savikunto.fi\/wp-content\/uploads\/2025\/01\/Pestis-logo-ilman-taustaa-300x300.png 300w, https:\/\/savikunto.fi\/wp-content\/uploads\/2025\/01\/Pestis-logo-ilman-taustaa-150x150.png 150w\" sizes=\"auto, (max-width: 500px) 100vw, 500px\" \/><\/figure>\n<\/div>\n\n\n\n<div class=\"wp-block-column is-vertically-aligned-center is-layout-flow wp-block-column-is-layout-flow\">\n<h2 class=\"wp-block-heading\"><strong>Pestis -yhteisty\u00f6 tuo palvelut kotiisi<\/strong><\/h2>\n\n\n\n<ul class=\"wp-block-list\">\n<li>Yritysryhm\u00e4hankkeen avulla luotu palveluverkosto<\/li>\n\n\n\n<li>Toimialueena Savitaipale ja l\u00e4hikunnat<\/li>\n<\/ul>\n\n\n\n<p><a href=\"https:\/\/www2.savikunto.fi\/?page_id=2438\">Katso lis\u00e4\u00e4<\/a><\/p>\n<\/div>\n<\/div>\n","protected":false},"excerpt":{"rendered":"<p>Liikuntatilojen ja auditorion varaus Kokouksiin ja koulututilaisuuksiin varaukset\u00a0p. 040 801 4840 Yrityksille ty\u00f6fysioterapia ja TyHy Katso tilat Pestis -yhteisty\u00f6 tuo palvelut kotiisi Katso lis\u00e4\u00e4<\/p>\n","protected":false},"author":2,"featured_media":0,"parent":0,"menu_order":0,"comment_status":"closed","ping_status":"closed","template":"yksipalsta-tpl.php","meta":{"_acf_changed":false,"inline_featured_image":false,"_monsterinsights_skip_tracking":false,"_monsterinsights_sitenote_active":false,"_monsterinsights_sitenote_note":"","_monsterinsights_sitenote_category":0,"footnotes":""},"class_list":["post-2458","page","type-page","status-publish","hentry"],"acf":[],"_links":{"self":[{"href":"https:\/\/savikunto.fi\/wp-json\/wp\/v2\/pages\/2458","targetHints":{"allow":["GET"]}}],"collection":[{"href":"https:\/\/savikunto.fi\/wp-json\/wp\/v2\/pages"}],"about":[{"href":"https:\/\/savikunto.fi\/wp-json\/wp\/v2\/types\/page"}],"author":[{"embeddable":true,"href":"https:\/\/savikunto.fi\/wp-json\/wp\/v2\/users\/2"}],"replies":[{"embeddable":true,"href":"https:\/\/savikunto.fi\/wp-json\/wp\/v2\/comments?post=2458"}],"version-history":[{"count":11,"href":"https:\/\/savikunto.fi\/wp-json\/wp\/v2\/pages\/2458\/revisions"}],"predecessor-version":[{"id":2470,"href":"https:\/\/savikunto.fi\/wp-json\/wp\/v2\/pages\/2458\/revisions\/2470"}],"wp:attachment":[{"href":"https:\/\/savikunto.fi\/wp-json\/wp\/v2\/media?parent=2458"}],"curies":[{"name":"wp","href":"https:\/\/api.w.org\/{rel}","templated":true}]}}