{"id":455,"date":"2021-02-19T21:39:02","date_gmt":"2021-02-19T19:39:02","guid":{"rendered":"http:\/\/haajashare.com\/clients\/savikunto\/?page_id=455"},"modified":"2021-10-20T16:31:04","modified_gmt":"2021-10-20T13:31:04","slug":"testit-ja-mittaukset","status":"publish","type":"page","link":"https:\/\/savikunto.fi\/testit-ja-mittaukset\/","title":{"rendered":"Testit ja mittaukset"},"content":{"rendered":"\n<p><\/p>\n\n\n\n<ul class=\"wp-block-list\"><li>InBody kehonkoostumusmittaus<\/li><li>Ty\u00f6- ja toimintakyvyn testaukset harjoitteluohjeineen<\/li><li>Asentohuimaustestaus ohjeineen<\/li><li>MTF-tasapainotestaus harjoitteluohjeineen<\/li><li>Spinal Mouse selk\u00e4rangan liikkuvuustestaus<\/li><\/ul>\n\n\n\n<p>Liikunnan aloittaville ja harrastajille suosittelemme harjoittelun turvallisuuden yll\u00e4pit\u00e4miseksi seuraavia testej\u00e4:<\/p>\n\n\n\n<ul class=\"wp-block-list\"><li>InBody kehonkoostumusmittaus<\/li><li>Lihasvoima<\/li><li>Lihasten elastisuus<\/li><li>Lihastasapainon arviointi<\/li><li>Nivelten -ja tukirangan liikkuvuuden arviointi<\/li><li>Polkupy\u00f6r\u00e4ergometritesti<\/li><li>2 kilometrin k\u00e4velytesti, joka sopii hyvin my\u00f6s ryhmille<\/li><\/ul>\n\n\n\n<h2 class=\"wp-block-heading\">Vartalo ja niveltukien mittaus<\/h2>\n\n\n\n<p>Ortoosien eli vartalo- ja niveltukien mittaus.<\/p>\n","protected":false},"excerpt":{"rendered":"<p>InBody kehonkoostumusmittaus Ty\u00f6- ja toimintakyvyn testaukset harjoitteluohjeineen Asentohuimaustestaus ohjeineen MTF-tasapainotestaus harjoitteluohjeineen Spinal Mouse selk\u00e4rangan liikkuvuustestaus Liikunnan aloittaville ja harrastajille suosittelemme harjoittelun turvallisuuden yll\u00e4pit\u00e4miseksi seuraavia testej\u00e4: InBody kehonkoostumusmittaus Lihasvoima Lihasten elastisuus Lihastasapainon arviointi Nivelten -ja tukirangan liikkuvuuden arviointi Polkupy\u00f6r\u00e4ergometritesti 2 kilometrin k\u00e4velytesti, joka sopii hyvin my\u00f6s ryhmille Vartalo ja niveltukien mittaus Ortoosien eli vartalo- ja niveltukien [&hellip;]<\/p>\n","protected":false},"author":2,"featured_media":0,"parent":0,"menu_order":0,"comment_status":"closed","ping_status":"closed","template":"palvelut-tpl.php","meta":{"_acf_changed":false,"inline_featured_image":false,"_monsterinsights_skip_tracking":false,"_monsterinsights_sitenote_active":false,"_monsterinsights_sitenote_note":"","_monsterinsights_sitenote_category":0,"footnotes":""},"class_list":["post-455","page","type-page","status-publish","hentry"],"acf":[],"_links":{"self":[{"href":"https:\/\/savikunto.fi\/wp-json\/wp\/v2\/pages\/455","targetHints":{"allow":["GET"]}}],"collection":[{"href":"https:\/\/savikunto.fi\/wp-json\/wp\/v2\/pages"}],"about":[{"href":"https:\/\/savikunto.fi\/wp-json\/wp\/v2\/types\/page"}],"author":[{"embeddable":true,"href":"https:\/\/savikunto.fi\/wp-json\/wp\/v2\/users\/2"}],"replies":[{"embeddable":true,"href":"https:\/\/savikunto.fi\/wp-json\/wp\/v2\/comments?post=455"}],"version-history":[{"count":23,"href":"https:\/\/savikunto.fi\/wp-json\/wp\/v2\/pages\/455\/revisions"}],"predecessor-version":[{"id":1493,"href":"https:\/\/savikunto.fi\/wp-json\/wp\/v2\/pages\/455\/revisions\/1493"}],"wp:attachment":[{"href":"https:\/\/savikunto.fi\/wp-json\/wp\/v2\/media?parent=455"}],"curies":[{"name":"wp","href":"https:\/\/api.w.org\/{rel}","templated":true}]}}