{"id":963,"date":"2021-03-01T14:57:12","date_gmt":"2021-03-01T12:57:12","guid":{"rendered":"https:\/\/www2.savikunto.fi\/?page_id=963"},"modified":"2022-09-26T14:04:07","modified_gmt":"2022-09-26T11:04:07","slug":"kalenteri-suomenniemi","status":"publish","type":"page","link":"https:\/\/savikunto.fi\/kalenteri-suomenniemi\/","title":{"rendered":"Varauskalenteri Suomenniemi"},"content":{"rendered":"\n<p>Lis\u00e4tiedot ja kaikki ajanvaraukset<br>palvelunumerostamme&nbsp;<strong>040 801 4840<\/strong><\/p>\n\n\n\n<p>Kuntosaleillemme <strong>Lemille<\/strong>, <strong>Savitaipaleella<\/strong> ja <strong>Suomenniemell\u00e4<\/strong> p\u00e4\u00e4set halutessasi viikon jokaisena p\u00e4iv\u00e4n\u00e4, Savitaipaleella vaikka ymp\u00e4ri vuorokauden!<\/p>\n\n\n\n<p>Asiakasetuna sinulla on <strong>hoitojaksosi aikana kuntosalin vapaa k\u00e4ytt\u00f6oikeus<\/strong> \u2013 halutessasi omalla avaimella! Muistathan tarkistaa ennalta sovitut, varatut vuorot oheisesta kalenterista, tai soittamalla palvelunumeroomme.<\/p>\n\n\n\n<table id=\"tablepress-5\" class=\"tablepress tablepress-id-5\">\n<thead>\n<tr class=\"row-1\">\n\t<th class=\"column-1\">Maanantai<\/th><th class=\"column-2\">Tiistai<\/th><th class=\"column-3\">Keskiviikko<\/th><th class=\"column-4\">Torstai<\/th><th class=\"column-5\">Perjantai<\/th><th class=\"column-6\">Lauantai<\/th><th class=\"column-7\">Sunnuntai<\/th>\n<\/tr>\n<\/thead>\n<tbody class=\"row-striping row-hover\">\n<tr class=\"row-2\">\n\t<td class=\"column-1\"><\/td><td class=\"column-2\"><\/td><td class=\"column-3\"><\/td><td class=\"column-4\"><\/td><td class=\"column-5\"><\/td><td class=\"column-6\"><\/td><td class=\"column-7\"><\/td>\n<\/tr>\n<tr class=\"row-3\">\n\t<td class=\"column-1\"><\/td><td class=\"column-2\"><\/td><td class=\"column-3\"><\/td><td class=\"column-4\"><\/td><td class=\"column-5\"><\/td><td class=\"column-6\"><\/td><td class=\"column-7\"><\/td>\n<\/tr>\n<tr class=\"row-4\">\n\t<td class=\"column-1\"><\/td><td class=\"column-2\"><\/td><td class=\"column-3\"><\/td><td class=\"column-4\"><\/td><td class=\"column-5\"><\/td><td class=\"column-6\"><\/td><td class=\"column-7\"><\/td>\n<\/tr>\n<tr class=\"row-5\">\n\t<td class=\"column-1\"><\/td><td class=\"column-2\"><\/td><td class=\"column-3\"><\/td><td class=\"column-4\"><\/td><td class=\"column-5\"><\/td><td class=\"column-6\"><\/td><td class=\"column-7\"><\/td>\n<\/tr>\n<tr class=\"row-6\">\n\t<td class=\"column-1\"><\/td><td class=\"column-2\"><\/td><td class=\"column-3\"><\/td><td class=\"column-4\"><\/td><td class=\"column-5\"><\/td><td class=\"column-6\"><\/td><td class=\"column-7\"><\/td>\n<\/tr>\n<tr class=\"row-7\">\n\t<td class=\"column-1\"><\/td><td class=\"column-2\"><\/td><td class=\"column-3\"><\/td><td class=\"column-4\"><\/td><td class=\"column-5\"><\/td><td class=\"column-6\"><\/td><td class=\"column-7\"><\/td>\n<\/tr>\n<\/tbody>\n<\/table>\n<!-- #tablepress-5 from cache -->\n","protected":false},"excerpt":{"rendered":"<p>Lis\u00e4tiedot ja kaikki ajanvarauksetpalvelunumerostamme&nbsp;040 801 4840 Kuntosaleillemme Lemille, Savitaipaleella ja Suomenniemell\u00e4 p\u00e4\u00e4set halutessasi viikon jokaisena p\u00e4iv\u00e4n\u00e4, Savitaipaleella vaikka ymp\u00e4ri vuorokauden! Asiakasetuna sinulla on hoitojaksosi aikana kuntosalin vapaa k\u00e4ytt\u00f6oikeus \u2013 halutessasi omalla avaimella! Muistathan tarkistaa ennalta sovitut, varatut vuorot oheisesta kalenterista, tai soittamalla palvelunumeroomme.<\/p>\n","protected":false},"author":1,"featured_media":0,"parent":0,"menu_order":0,"comment_status":"closed","ping_status":"closed","template":"hinnasto-tpl.php","meta":{"_acf_changed":false,"inline_featured_image":false,"_monsterinsights_skip_tracking":false,"_monsterinsights_sitenote_active":false,"_monsterinsights_sitenote_note":"","_monsterinsights_sitenote_category":0,"footnotes":""},"class_list":["post-963","page","type-page","status-publish","hentry"],"acf":[],"_links":{"self":[{"href":"https:\/\/savikunto.fi\/wp-json\/wp\/v2\/pages\/963","targetHints":{"allow":["GET"]}}],"collection":[{"href":"https:\/\/savikunto.fi\/wp-json\/wp\/v2\/pages"}],"about":[{"href":"https:\/\/savikunto.fi\/wp-json\/wp\/v2\/types\/page"}],"author":[{"embeddable":true,"href":"https:\/\/savikunto.fi\/wp-json\/wp\/v2\/users\/1"}],"replies":[{"embeddable":true,"href":"https:\/\/savikunto.fi\/wp-json\/wp\/v2\/comments?post=963"}],"version-history":[{"count":18,"href":"https:\/\/savikunto.fi\/wp-json\/wp\/v2\/pages\/963\/revisions"}],"predecessor-version":[{"id":1812,"href":"https:\/\/savikunto.fi\/wp-json\/wp\/v2\/pages\/963\/revisions\/1812"}],"wp:attachment":[{"href":"https:\/\/savikunto.fi\/wp-json\/wp\/v2\/media?parent=963"}],"curies":[{"name":"wp","href":"https:\/\/api.w.org\/{rel}","templated":true}]}}